{"id":558,"date":"2023-11-07T04:53:29","date_gmt":"2023-11-07T04:53:29","guid":{"rendered":"https:\/\/baltibal.hu\/?page_id=558"},"modified":"2023-11-07T05:47:54","modified_gmt":"2023-11-07T05:47:54","slug":"main","status":"publish","type":"page","link":"https:\/\/baltibal.hu\/","title":{"rendered":"Main"},"content":{"rendered":"\t\t<div data-elementor-type=\"wp-page\" data-elementor-id=\"558\" class=\"elementor elementor-558\">\n\t\t\t\t\t\t<section class=\"elementor-section elementor-top-section elementor-element elementor-element-67a49a0 elementor-section-boxed elementor-section-height-default elementor-section-height-default\" data-id=\"67a49a0\" data-element_type=\"section\" data-e-type=\"section\">\n\t\t\t\t\t\t<div class=\"elementor-container elementor-column-gap-default\">\n\t\t\t\t\t<div class=\"elementor-column elementor-col-100 elementor-top-column elementor-element elementor-element-5835ad9\" data-id=\"5835ad9\" data-element_type=\"column\" data-e-type=\"column\">\n\t\t\t<div class=\"elementor-widget-wrap elementor-element-populated\">\n\t\t\t\t\t\t<div class=\"elementor-element elementor-element-18f4337 eael-dual-header-content-align-center elementor-widget elementor-widget-eael-dual-color-header\" data-id=\"18f4337\" data-element_type=\"widget\" data-e-type=\"widget\" data-widget_type=\"eael-dual-color-header.default\">\n\t\t\t\t<div class=\"elementor-widget-container\">\n\t\t\t\t\t\t\t\t<div class=\"eael-dual-header\">\n\t\t\t\t<h2 class=\"title\"><span class=\"lead solid-color\">Tartalom<\/span> <span>Mindenkinek<\/span><\/h2>\t\t\t\t<span class=\"subtext\"><p>Olvasni szeretn\u00e9l valami \u00e9rdekeset, vagy \u00e9pp tartalomk\u00e9sz\u00edt\u00e9sen t\u00f6r\u00f6d a fejed?<\/p>\n<p>A legjobb helyen j\u00e1rsz!<\/p><\/span>\n\t\t\t\t\t\t\t<\/div>\n\n\t\t\t\t\t\t<\/div>\n\t\t\t\t<\/div>\n\t\t\t\t\t<\/div>\n\t\t<\/div>\n\t\t\t\t\t<\/div>\n\t\t<\/section>\n\t\t\t\t<section class=\"elementor-section elementor-top-section elementor-element elementor-element-ef167c2 elementor-section-boxed elementor-section-height-default elementor-section-height-default\" data-id=\"ef167c2\" data-element_type=\"section\" data-e-type=\"section\">\n\t\t\t\t\t\t<div class=\"elementor-container elementor-column-gap-default\">\n\t\t\t\t\t<div class=\"elementor-column elementor-col-100 elementor-top-column elementor-element elementor-element-166f942\" data-id=\"166f942\" data-element_type=\"column\" data-e-type=\"column\">\n\t\t\t<div class=\"elementor-widget-wrap elementor-element-populated\">\n\t\t\t\t\t\t<div class=\"elementor-element elementor-element-78cb109 elementor-widget elementor-widget-eael-svg-draw\" data-id=\"78cb109\" data-element_type=\"widget\" data-e-type=\"widget\" data-widget_type=\"eael-svg-draw.default\">\n\t\t\t\t<div class=\"elementor-widget-container\">\n\t\t\t\t\t<div class=\"eael-svg-draw-container page-load \" data-settings=\"{&quot;fill&quot;:&quot;&quot;,&quot;speed&quot;:&quot;20&quot;,&quot;offset&quot;:&quot;&quot;,&quot;loop&quot;:&quot;yes&quot;,&quot;pause&quot;:&quot;no&quot;,&quot;direction&quot;:&quot;reverse&quot;,&quot;excludeStyle&quot;:&quot;no&quot;}\"><svg class='svg-inline--fab-fa-wolf-pack-battalion  eael-svg-icon' aria-hidden='true' role='img' xmlns='http:\/\/www.w3.org\/2000\/svg' viewBox='0 0 512 512'><path d='M267.73 471.53l10.56 15.84 5.28-12.32 5.28 7V512c21.06-7.92 21.11-66.86 25.51-97.21 4.62-31.89-.88-92.81 81.37-149.11-8.88-23.61-12-49.43-2.64-80.05C421 189 447 196.21 456.43 239.73l-30.35 8.36c11.15 23 17 46.76 13.2 72.14L412 313.18l-6.16 33.43-18.47-7-8.8 33.39-19.35-7 26.39 21.11 8.8-28.15L419 364.2l7-35.63 26.39 14.52c.25-20 7-58.06-8.8-84.45l26.39 5.28c4-22.07-2.38-39.21-7.92-56.74l22.43 9.68c-.44-25.07-29.94-56.79-61.58-58.5-20.22-1.09-56.74-25.17-54.1-51.9 2-19.87 17.45-42.62 43.11-49.7-44 36.51-9.68 67.3 5.28 73.46 4.4-11.44 17.54-69.08 0-130.2-40.39 22.87-89.65 65.1-93.2 147.79l-58 38.71-3.52 93.25L369.78 220l7 7-17.59 3.52-44 38.71-15.84-5.28-28.1 49.25-3.52 119.64 21.11 15.84-32.55 15.84-32.55-15.84 21.11-15.84-3.52-119.64-28.15-49.26-15.84 5.28-44-38.71-17.58-3.51 7-7 107.33 59.82-3.52-93.25-58.06-38.71C185 65.1 135.77 22.87 95.3 0c-17.54 61.12-4.4 118.76 0 130.2 15-6.16 49.26-36.95 5.28-73.46 25.66 7.08 41.15 29.83 43.11 49.7 2.63 26.74-33.88 50.81-54.1 51.9-31.65 1.72-61.15 33.44-61.59 58.51l22.43-9.68c-5.54 17.53-11.91 34.67-7.92 56.74l26.39-5.28c-15.76 26.39-9.05 64.43-8.8 84.45l26.39-14.52 7 35.63 24.63-5.28 8.8 28.15L153.35 366 134 373l-8.8-33.43-18.47 7-6.16-33.43-27.27 7c-3.82-25.38 2-49.1 13.2-72.14l-30.35-8.36c9.4-43.52 35.47-50.77 63.34-54.1 9.36 30.62 6.24 56.45-2.64 80.05 82.25 56.3 76.75 117.23 81.37 149.11 4.4 30.35 4.45 89.29 25.51 97.21v-29.83l5.28-7 5.28 12.32 10.56-15.84 11.44 21.11 11.43-21.1zm79.17-95L331.06 366c7.47-4.36 13.76-8.42 19.35-12.32-.6 7.22-.27 13.84-3.51 22.84zm28.15-49.26c-.4 10.94-.9 21.66-1.76 31.67-7.85-1.86-15.57-3.8-21.11-7 8.24-7.94 15.55-16.32 22.87-24.68zm24.63 5.28c0-13.43-2.05-24.21-5.28-33.43a235 235 0 0 1-18.47 27.27zm3.52-80.94c19.44 12.81 27.8 33.66 29.91 56.3-12.32-4.53-24.63-9.31-36.95-10.56 5.06-12 6.65-28.14 7-45.74zm-1.76-45.74c.81 14.3 1.84 28.82 1.76 42.23 19.22-8.11 29.78-9.72 44-14.08-10.61-18.96-27.2-25.53-45.76-28.16zM165.68 376.52L181.52 366c-7.47-4.36-13.76-8.42-19.35-12.32.6 7.26.27 13.88 3.51 22.88zm-28.15-49.26c.4 10.94.9 21.66 1.76 31.67 7.85-1.86 15.57-3.8 21.11-7-8.24-7.93-15.55-16.31-22.87-24.67zm-24.64 5.28c0-13.43 2-24.21 5.28-33.43a235 235 0 0 0 18.47 27.27zm-3.52-80.94c-19.44 12.81-27.8 33.66-29.91 56.3 12.32-4.53 24.63-9.31 37-10.56-5-12-6.65-28.14-7-45.74zm1.76-45.74c-.81 14.3-1.84 28.82-1.76 42.23-19.22-8.11-29.78-9.72-44-14.08 10.63-18.95 27.23-25.52 45.76-28.15z'><\/path><\/svg> <\/div>\t\t\t\t<\/div>\n\t\t\t\t<\/div>\n\t\t\t\t\t<\/div>\n\t\t<\/div>\n\t\t\t\t\t<\/div>\n\t\t<\/section>\n\t\t\t\t<section class=\"elementor-section elementor-top-section elementor-element elementor-element-b839a9f elementor-section-boxed elementor-section-height-default elementor-section-height-default\" data-id=\"b839a9f\" data-element_type=\"section\" data-e-type=\"section\">\n\t\t\t\t\t\t<div class=\"elementor-container elementor-column-gap-default\">\n\t\t\t\t\t<div class=\"elementor-column elementor-col-33 elementor-top-column elementor-element elementor-element-339df85\" data-id=\"339df85\" data-element_type=\"column\" data-e-type=\"column\">\n\t\t\t<div class=\"elementor-widget-wrap elementor-element-populated\">\n\t\t\t\t\t\t<div class=\"elementor-element elementor-element-836fcb9 eael-flipbox-content-align-center elementor-widget elementor-widget-eael-flip-box\" data-id=\"836fcb9\" data-element_type=\"widget\" data-e-type=\"widget\" data-widget_type=\"eael-flip-box.default\">\n\t\t\t\t<div class=\"elementor-widget-container\">\n\t\t\t\t\t\n        <div class=\"eael-elements-flip-box-container eael-animate-flip eael-animate-right eael-content eael-flip-box-hover\">\n\n            <div class=\"eael-elements-flip-box-flip-card\">\n                <div class=\"eael-elements-flip-box-front-container\">\n\n                    \n                        <div class=\"eael-elements-slider-display-table\">\n                            <div class=\"eael-elements-flip-box-vertical-align\">\n                                <div class=\"eael-elements-flip-box-padding\">\n                                    <div class=\"eael-elements-flip-box-icon-image\">\n                                                                            <\/div>\n                                    <h2 class=\"eael-elements-flip-box-heading\">Blog<\/h2>                                    <div class=\"eael-elements-flip-box-content\">\n\t                                    <p>Amir\u0151l \u00e9pp \u00edrni t\u00e1mad kedvem.<\/p>                                    <\/div>\n                                <\/div>\n                            <\/div>\n                        <\/div>\n                                    <\/div>\n\n                <div class=\"eael-elements-flip-box-rear-container\">\n\n                                            <div class=\"eael-elements-slider-display-table\">\n                            <div class=\"eael-elements-flip-box-vertical-align\">\n                                <div class=\"eael-elements-flip-box-padding\">\n                                                                                                            <div class=\"eael-elements-flip-box-content\">\n                                        <p style=\"text-align: center;\"><span style=\"font-size: 28px;\"><a href=\"https:\/\/baltibal.hu\/index.php\/blog\/\" rel=\"noopener\">Kattints<\/a><\/span><\/p>                                    <\/div>\n\n                                                                    <\/div>\n                            <\/div>\n                        <\/div>\n                                    <\/div>\n            <\/div>\n        <\/div>\n\n        <script>\n            jQuery(document).ready(function( $ ) {\n                $(\".eael-flip-box-click\").off('click').on( 'click', function( event ) {\n                    $(this).toggleClass( '--active' );\n                });\n            });\n        <\/script>\n\n\t\t\t\t<\/div>\n\t\t\t\t<\/div>\n\t\t\t\t\t<\/div>\n\t\t<\/div>\n\t\t\t\t<div class=\"elementor-column elementor-col-33 elementor-top-column elementor-element elementor-element-665a87a\" data-id=\"665a87a\" data-element_type=\"column\" data-e-type=\"column\">\n\t\t\t<div class=\"elementor-widget-wrap elementor-element-populated\">\n\t\t\t\t\t\t<div class=\"elementor-element elementor-element-2f06f9a eael-flipbox-content-align-center elementor-widget elementor-widget-eael-flip-box\" data-id=\"2f06f9a\" data-element_type=\"widget\" data-e-type=\"widget\" data-widget_type=\"eael-flip-box.default\">\n\t\t\t\t<div class=\"elementor-widget-container\">\n\t\t\t\t\t\n        <div class=\"eael-elements-flip-box-container eael-animate-flip eael-animate-right eael-content eael-flip-box-hover\">\n\n            <div class=\"eael-elements-flip-box-flip-card\">\n                <div class=\"eael-elements-flip-box-front-container\">\n\n                    \n                        <div class=\"eael-elements-slider-display-table\">\n                            <div class=\"eael-elements-flip-box-vertical-align\">\n                                <div class=\"eael-elements-flip-box-padding\">\n                                    <div class=\"eael-elements-flip-box-icon-image\">\n                                                                            <\/div>\n                                    <h2 class=\"eael-elements-flip-box-heading\">Referenci\u00e1k<\/h2>                                    <div class=\"eael-elements-flip-box-content\">\n\t                                    <p>Kor\u00e1bbi munk\u00e1imb\u00f3l csemeg\u00e9zhetsz<\/p>                                    <\/div>\n                                <\/div>\n                            <\/div>\n                        <\/div>\n                                    <\/div>\n\n                <div class=\"eael-elements-flip-box-rear-container\">\n\n                                            <div class=\"eael-elements-slider-display-table\">\n                            <div class=\"eael-elements-flip-box-vertical-align\">\n                                <div class=\"eael-elements-flip-box-padding\">\n                                                                                                            <div class=\"eael-elements-flip-box-content\">\n                                        <p style=\"text-align: center;\"><span style=\"font-size: 28px;\"><a href=\"https:\/\/baltibal.hu\/index.php\/referenciak\/\" rel=\"noopener\">Kattints<\/a><\/span><\/p>                                    <\/div>\n\n                                                                    <\/div>\n                            <\/div>\n                        <\/div>\n                                    <\/div>\n            <\/div>\n        <\/div>\n\n        <script>\n            jQuery(document).ready(function( $ ) {\n                $(\".eael-flip-box-click\").off('click').on( 'click', function( event ) {\n                    $(this).toggleClass( '--active' );\n                });\n            });\n        <\/script>\n\n\t\t\t\t<\/div>\n\t\t\t\t<\/div>\n\t\t\t\t\t<\/div>\n\t\t<\/div>\n\t\t\t\t<div class=\"elementor-column elementor-col-33 elementor-top-column elementor-element elementor-element-34973aa\" data-id=\"34973aa\" data-element_type=\"column\" data-e-type=\"column\">\n\t\t\t<div class=\"elementor-widget-wrap elementor-element-populated\">\n\t\t\t\t\t\t<div class=\"elementor-element elementor-element-a74854b eael-flipbox-content-align-center elementor-widget elementor-widget-eael-flip-box\" data-id=\"a74854b\" data-element_type=\"widget\" data-e-type=\"widget\" data-widget_type=\"eael-flip-box.default\">\n\t\t\t\t<div class=\"elementor-widget-container\">\n\t\t\t\t\t\n        <div class=\"eael-elements-flip-box-container eael-animate-flip eael-animate-right eael-content eael-flip-box-hover\">\n\n            <div class=\"eael-elements-flip-box-flip-card\">\n                <div class=\"eael-elements-flip-box-front-container\">\n\n                    \n                        <div class=\"eael-elements-slider-display-table\">\n                            <div class=\"eael-elements-flip-box-vertical-align\">\n                                <div class=\"eael-elements-flip-box-padding\">\n                                    <div class=\"eael-elements-flip-box-icon-image\">\n                                                                            <\/div>\n                                    <h2 class=\"eael-elements-flip-box-heading\">Szolg\u00e1ltat\u00e1sok<\/h2>                                    <div class=\"eael-elements-flip-box-content\">\n\t                                    <p>amennyiben a seg\u00edts\u00e9gedre lehetek<\/p>                                    <\/div>\n                                <\/div>\n                            <\/div>\n                        <\/div>\n                                    <\/div>\n\n                <div class=\"eael-elements-flip-box-rear-container\">\n\n                                            <div class=\"eael-elements-slider-display-table\">\n                            <div class=\"eael-elements-flip-box-vertical-align\">\n                                <div class=\"eael-elements-flip-box-padding\">\n                                                                                                            <div class=\"eael-elements-flip-box-content\">\n                                        <p style=\"text-align: center;\"><span style=\"font-size: 28px;\"><a href=\"https:\/\/baltibal.hu\/index.php\/szolgaltatasok\/\" rel=\"noopener\">Kattints<\/a><\/span><\/p>                                    <\/div>\n\n                                                                    <\/div>\n                            <\/div>\n                        <\/div>\n                                    <\/div>\n            <\/div>\n        <\/div>\n\n        <script>\n            jQuery(document).ready(function( $ ) {\n                $(\".eael-flip-box-click\").off('click').on( 'click', function( event ) {\n                    $(this).toggleClass( '--active' );\n                });\n            });\n        <\/script>\n\n\t\t\t\t<\/div>\n\t\t\t\t<\/div>\n\t\t\t\t\t<\/div>\n\t\t<\/div>\n\t\t\t\t\t<\/div>\n\t\t<\/section>\n\t\t\t\t<\/div>\n\t\t","protected":false},"excerpt":{"rendered":"<p>Tartalom Mindenkinek Olvasni szeretn\u00e9l valami \u00e9rdekeset, vagy \u00e9pp tartalomk\u00e9sz\u00edt\u00e9sen t\u00f6r\u00f6d a fejed? A legjobb helyen j\u00e1rsz! Blog Amir\u0151l \u00e9pp \u00edrni t\u00e1mad kedvem. Kattints Referenci\u00e1k Kor\u00e1bbi munk\u00e1imb\u00f3l csemeg\u00e9zhetsz Kattints Szolg\u00e1ltat\u00e1sok amennyiben a seg\u00edts\u00e9gedre lehetek Kattints<\/p>\n","protected":false},"author":1,"featured_media":0,"parent":0,"menu_order":0,"comment_status":"closed","ping_status":"closed","template":"","meta":{"site-sidebar-layout":"no-sidebar","site-content-layout":"page-builder","ast-global-header-display":"","ast-banner-title-visibility":"","ast-main-header-display":"","ast-hfb-above-header-display":"","ast-hfb-below-header-display":"","ast-hfb-mobile-header-display":"","site-post-title":"disabled","ast-breadcrumbs-content":"","ast-featured-img":"disabled","footer-sml-layout":"","theme-transparent-header-meta":"default","adv-header-id-meta":"","stick-header-meta":"","header-above-stick-meta":"","header-main-stick-meta":"","header-below-stick-meta":"","footnotes":""},"class_list":["post-558","page","type-page","status-publish","hentry"],"_links":{"self":[{"href":"https:\/\/baltibal.hu\/index.php\/wp-json\/wp\/v2\/pages\/558","targetHints":{"allow":["GET"]}}],"collection":[{"href":"https:\/\/baltibal.hu\/index.php\/wp-json\/wp\/v2\/pages"}],"about":[{"href":"https:\/\/baltibal.hu\/index.php\/wp-json\/wp\/v2\/types\/page"}],"author":[{"embeddable":true,"href":"https:\/\/baltibal.hu\/index.php\/wp-json\/wp\/v2\/users\/1"}],"replies":[{"embeddable":true,"href":"https:\/\/baltibal.hu\/index.php\/wp-json\/wp\/v2\/comments?post=558"}],"version-history":[{"count":40,"href":"https:\/\/baltibal.hu\/index.php\/wp-json\/wp\/v2\/pages\/558\/revisions"}],"predecessor-version":[{"id":605,"href":"https:\/\/baltibal.hu\/index.php\/wp-json\/wp\/v2\/pages\/558\/revisions\/605"}],"wp:attachment":[{"href":"https:\/\/baltibal.hu\/index.php\/wp-json\/wp\/v2\/media?parent=558"}],"curies":[{"name":"wp","href":"https:\/\/api.w.org\/{rel}","templated":true}]}}